{"id":6451,"date":"2021-01-29T15:09:40","date_gmt":"2021-01-29T15:09:40","guid":{"rendered":"https:\/\/immosaratenerife.com\/les-etapes-pour-acheter-une-propriete-a-tenerife\/"},"modified":"2021-03-07T20:00:08","modified_gmt":"2021-03-07T20:00:08","slug":"les-etapes-pour-acheter-une-propriete-a-tenerife","status":"publish","type":"page","link":"https:\/\/immosaratenerife.com\/fr\/les-etapes-pour-acheter-une-propriete-a-tenerife\/","title":{"rendered":"Les \u00e9tapes pour acheter une propri\u00e9t\u00e9 \u00e0 Tenerife"},"content":{"rendered":"\t\t<div data-elementor-type=\"wp-page\" data-elementor-id=\"6451\" class=\"elementor elementor-6451 elementor-6422\">\n\t\t\t\t\t\t<section class=\"elementor-section elementor-top-section elementor-element elementor-element-c426de4 elementor-section-boxed elementor-section-height-default elementor-section-height-default\" data-id=\"c426de4\" data-element_type=\"section\" data-e-type=\"section\">\n\t\t\t\t\t\t<div class=\"elementor-container elementor-column-gap-default\">\n\t\t\t\t\t<div class=\"elementor-column elementor-col-100 elementor-top-column elementor-element elementor-element-2e3a900\" data-id=\"2e3a900\" data-element_type=\"column\" data-e-type=\"column\">\n\t\t\t<div class=\"elementor-widget-wrap elementor-element-populated\">\n\t\t\t\t\t\t<div class=\"elementor-element elementor-element-908a3cf elementor-widget elementor-widget-heading\" data-id=\"908a3cf\" data-element_type=\"widget\" data-e-type=\"widget\" data-widget_type=\"heading.default\">\n\t\t\t\t<div class=\"elementor-widget-container\">\n\t\t\t\t\t<h3 class=\"elementor-heading-title elementor-size-default\">Les \u00e9tapes pour acheter une propri\u00e9t\u00e9 \u00e0 Tenerife<\/h3>\t\t\t\t<\/div>\n\t\t\t\t<\/div>\n\t\t\t\t<div class=\"elementor-element elementor-element-802bcc7 elementor-widget elementor-widget-text-editor\" data-id=\"802bcc7\" data-element_type=\"widget\" data-e-type=\"widget\" data-widget_type=\"text-editor.default\">\n\t\t\t\t<div class=\"elementor-widget-container\">\n\t\t\t\t\t\t\t\t\t<p>En premier lieu nous chercherons des biens immobiliers qui pourraient vous int\u00e9resser.<br \/>Ensuite vous recevrez des informations et des photos au sujet de votre demande.<\/p><p>Une fois que vous nous communiquerez la date de votre venue \u00e0 Tenerife, nous fixerons un rendez vous, et irons visiter les propri\u00e9t\u00e9s.<\/p><p>Une fois sur place, nous continuerons \u00e0 chercher pour vous et \u00e0 vous guider lors des visites des maisons, jusqu\u00b4\u00e0 que nous ayons trouv\u00e9 la maison qui vous convient!<\/p><p><span data-language-for-alternatives=\"fr\" data-language-to-translate-into=\"nl\" data-phrase-index=\"0\">Nous pouvons \u00e9galement travailler avec d\u2019autres agents immobiliers locaux, si n\u00e9cessaire, afin de multiplier nos chances de succ\u00e8s.<\/span><br \/><span data-language-for-alternatives=\"fr\" data-language-to-translate-into=\"nl\" data-phrase-index=\"1\">Nous serons votre interm\u00e9diaire et vous guiderons tout au long de votre processus d&rsquo;achat et ceci, \u00a0dans votre langue.<\/span><\/p><p>Une fois le bien souhait\u00e9 trouv\u00e9, ainsi que le prix convenu, nous \u00e9tablirons ensemble un contrat de r\u00e9servation. <br \/>Ce contrat indiquera les termes de l\u2019achat.<\/p><p>Ensuite nous nous occuperons des recherches cadastrales, c\u2019est \u00e0 dire la pr\u00e9paration de tous les documents relatifs \u00e0 la propri\u00e9t\u00e9. <br \/>Ils seront demand\u00e9s et examin\u00e9s, afin que tout soit pr\u00eat pour la signature chez le notaire.<\/p><p>Nous vous accompagnerons \u00e0 la police pour obtenir le document NIE pour vous.\u00a0 (C\u2019est-\u00e0-dire un num\u00e9ro d\u2019identification pour les \u00e9trangers; qui est n\u00e9cessaire pour tous les non-r\u00e9sidents qui souhaitent acheter une propri\u00e9t\u00e9 en Espagne).<\/p><p>Nous vous accompagnerons \u00e9galement \u00e0 une banque locale, afin d\u00b4ouvrir un compte bancaire espagnol non-r\u00e9sident.<\/p><p>L&rsquo;\u00e9tape suivante, sera d&rsquo;aller signer l\u00b4acte d\u00b4achat chez le notaire.<\/p><p>Arriv\u00e9 le grand jour, nous irons ensemble \u00e0 la banque (o\u00f9 nous cr\u00e9erons \u00e9galement une assurance d\u00b4habitation pour vous), et nous irons\u00a0chez le notaire.<\/p><p>Une fois l\u00b4acte sign\u00e9, nous nous chargerons des d\u00e9marches administratives restantes : &#8211; Documents et le paiement de la taxe de transfert. &#8211; Le registre &#8211; Le cadastre &#8211; Le changement des compteurs \u00e0 votre nom (Eau et \u00e9lectricit\u00e9) &#8211; Le paiement de la taxe pour les poubelles. &#8211; Les documents concernant la communaut\u00e9, (si vous achetez dans un complexe).<\/p><p>Concernant les frais \u00e0 payer pour ce poste, vous trouverez toutes les informations dans le menu \u00ab<a href=\"https:\/\/immosaratenerife.com\/fr\/quels-sont-les-couts-lies-a-lachat\/\" rel=\"noopener\">\u00a0Quels sont les co\u00fbts li\u00e9s \u00e0 l\u00b4achat?<\/a>\u00a0\u00bb<\/p><p>Si vous avez encore des questions; <a href=\"https:\/\/immosaratenerife.com\/fr\/contact\/\">n\u00b4h\u00e9sitez pas \u00e0 nous contacter<\/a>!<\/p><p>ImmoSaraTenerife<\/p>\t\t\t\t\t\t\t\t<\/div>\n\t\t\t\t<\/div>\n\t\t\t\t\t<\/div>\n\t\t<\/div>\n\t\t\t\t\t<\/div>\n\t\t<\/section>\n\t\t\t\t<\/div>\n\t\t","protected":false},"excerpt":{"rendered":"<p>Les \u00e9tapes pour acheter une propri\u00e9t\u00e9 \u00e0 Tenerife En premier lieu nous chercherons des biens immobiliers qui pourraient vous int\u00e9resser.Ensuite vous recevrez des informations et des photos au sujet de votre demande. Une fois que vous nous communiquerez la date de votre venue \u00e0 Tenerife, nous fixerons un rendez vous, et irons visiter les propri\u00e9t\u00e9s. [&hellip;]<\/p>\n","protected":false},"author":47309588,"featured_media":0,"parent":0,"menu_order":0,"comment_status":"closed","ping_status":"closed","template":"elementor_header_footer","meta":{"_acf_changed":false,"advanced_seo_description":"","jetpack_seo_html_title":"","jetpack_seo_noindex":false,"jetpack_post_was_ever_published":false,"footnotes":""},"class_list":["post-6451","page","type-page","status-publish","hentry"],"acf":[],"jetpack_likes_enabled":true,"jetpack_sharing_enabled":true,"jetpack_shortlink":"https:\/\/wp.me\/PczWLs-1G3","_links":{"self":[{"href":"https:\/\/immosaratenerife.com\/fr\/wp-json\/wp\/v2\/pages\/6451","targetHints":{"allow":["GET"]}}],"collection":[{"href":"https:\/\/immosaratenerife.com\/fr\/wp-json\/wp\/v2\/pages"}],"about":[{"href":"https:\/\/immosaratenerife.com\/fr\/wp-json\/wp\/v2\/types\/page"}],"author":[{"embeddable":true,"href":"https:\/\/immosaratenerife.com\/fr\/wp-json\/wp\/v2\/users\/47309588"}],"replies":[{"embeddable":true,"href":"https:\/\/immosaratenerife.com\/fr\/wp-json\/wp\/v2\/comments?post=6451"}],"version-history":[{"count":100,"href":"https:\/\/immosaratenerife.com\/fr\/wp-json\/wp\/v2\/pages\/6451\/revisions"}],"predecessor-version":[{"id":10335,"href":"https:\/\/immosaratenerife.com\/fr\/wp-json\/wp\/v2\/pages\/6451\/revisions\/10335"}],"wp:attachment":[{"href":"https:\/\/immosaratenerife.com\/fr\/wp-json\/wp\/v2\/media?parent=6451"}],"curies":[{"name":"wp","href":"https:\/\/api.w.org\/{rel}","templated":true}]}}