{"id":6007,"date":"2021-01-27T15:37:54","date_gmt":"2021-01-27T15:37:54","guid":{"rendered":"https:\/\/immosaratenerife.com\/?page_id=6007"},"modified":"2024-08-28T16:30:29","modified_gmt":"2024-08-28T15:30:29","slug":"vendre","status":"publish","type":"page","link":"https:\/\/immosaratenerife.com\/fr\/vendre\/","title":{"rendered":"Vendre"},"content":{"rendered":"\t\t<div data-elementor-type=\"wp-page\" data-elementor-id=\"6007\" class=\"elementor elementor-6007\">\n\t\t\t\t\t\t<section class=\"elementor-section elementor-top-section elementor-element elementor-element-03573c2 elementor-section-boxed elementor-section-height-default elementor-section-height-default\" data-id=\"03573c2\" data-element_type=\"section\" data-e-type=\"section\">\n\t\t\t\t\t\t<div class=\"elementor-container elementor-column-gap-default\">\n\t\t\t\t\t<div class=\"elementor-column elementor-col-100 elementor-top-column elementor-element elementor-element-0949f35\" data-id=\"0949f35\" data-element_type=\"column\" data-e-type=\"column\">\n\t\t\t<div class=\"elementor-widget-wrap elementor-element-populated\">\n\t\t\t\t\t\t<div class=\"elementor-element elementor-element-34325eb elementor-widget elementor-widget-heading\" data-id=\"34325eb\" data-element_type=\"widget\" data-e-type=\"widget\" data-widget_type=\"heading.default\">\n\t\t\t\t<div class=\"elementor-widget-container\">\n\t\t\t\t\t<h3 class=\"elementor-heading-title elementor-size-default\">Vous souhaitez vendre votre propri\u00e9t\u00e9 \u00e0 Tenerife; contactez-nous!<\/h3>\t\t\t\t<\/div>\n\t\t\t\t<\/div>\n\t\t\t\t<div class=\"elementor-element elementor-element-b38829f elementor-widget elementor-widget-text-editor\" data-id=\"b38829f\" data-element_type=\"widget\" data-e-type=\"widget\" data-widget_type=\"text-editor.default\">\n\t\t\t\t<div class=\"elementor-widget-container\">\n\t\t\t\t\t\t\t\t\t<p><strong>Comment notre \u00e9quipe vous assiste lorsque vous \u00eates vendeur?<\/strong><\/p><p>Dans un premier temps nous fixons un rendez-vous avec vous afin de visiter et d\u2019expertiser votre propri\u00e9t\u00e9.\u00a0<\/p><p>Dans la foul\u00e9e et en toute transparence, nous vous prodiguons des conseils personnalis\u00e9s, sinc\u00e8res et les plus complets possible en relation avec le processus de vente dans le but d\u2019\u00e9tablir ensemble un prix de vente correct en conformit\u00e9 avec les attentes du march\u00e9. <br \/>En parall\u00e8le nous vous fournissons un aper\u00e7u d\u00e9taill\u00e9 des co\u00fbts qui vous incombent en tant que vendeur.<\/p><p>Ensuite nous constituons un dossier constitu\u00e9 entre autres de photos professionnelles ainsi que d\u2019une vid\u00e9o de votre propri\u00e9t\u00e9, <br \/>dossier que nous publions ensuite sur Internet et sur tous nos r\u00e9seaux sociaux.<\/p><p>Ce dossier professionnel n&rsquo;est pas seulement publi\u00e9 sur notre site (www.immosaratenerife.com),<br \/>mais aussi sur des sites Web sp\u00e9cialis\u00e9s dans l\u2019immobilier afin de maximiser la visibilit\u00e9 de votre bien.<br \/><span style=\"font-size: inherit; text-align: inherit; letter-spacing: -0.015em;\">Nous envoyons \u00e9galement ce dossier de vente \u00e0 nos contacts et \u00e0 notre r\u00e9seau d\u2019agents immobiliers,<br \/><\/span><span style=\"font-size: inherit; text-align: inherit; letter-spacing: -0.015em;\">\u00a0sans oublier la liste de diffusion reprenant nos clients candidats acqu\u00e9reurs.\u00a0<\/span><\/p><p>Votre propri\u00e9t\u00e9 sera \u00e9galement visible en format imprim\u00e9 dans les diverses brochures et magasines distribu\u00e9s dans toute l&rsquo;\u00eele.<br \/>Et si vous le souhaitez, nous pouvons \u00e9galement apposer sur votre propri\u00e9t\u00e9 un panneau d\u2019agence,<br \/>\u00a0qui permettra aux candidats acqu\u00e9reurs de nous contacter directement pour obtenir de plus amples renseignements.<\/p><p>Une fois que des candidats acqu\u00e9reurs marquent un int\u00e9r\u00eat pour votre bien, nous organisons et r\u00e9alisons les visites guid\u00e9es de celui-ci. <br \/>Au cours de ces visites, nous communiquons aux candidats acqu\u00e9reurs les informations essentielles de la propri\u00e9t\u00e9, <br \/>les \u00e9tapes du processus d\u2019acquisition, les co\u00fbts aff\u00e9rents pour l\u2019acqu\u00e9reur et toutes les formalit\u00e9s \u00e0 remplir.<\/p><p>D\u00e8s qu\u2019un ou plusieurs acqu\u00e9reurs sont identifi\u00e9s, une offre pourra vous \u00eatre faite et communiqu\u00e9e.<\/p><p>Lorsqu\u2019un prix de vente a \u00e9t\u00e9 convenu en accord avec les deux parties, nous \u00e9tablissons un compromis de vente <br \/>et nous nous assurons que le montant de l\u2019acompte soit bien vers\u00e9 sur le compte bancaire convenu et ce dans les d\u00e9lais impartis.<\/p><p>Entretemps, nous rassemblons avec vous tous les documents n\u00e9cessaires afin de constituer un dossier notarial complet <br \/>et indispensable pour la signature de l\u2019acte de vente chez le notaire.<\/p><p>Par la suite nous fixons en concertation avec les parties concern\u00e9es la date et l\u2019heure du passage devant le notaire<br \/>pour officialiser la transaction immobili\u00e8re.<\/p><p><span class=\"jCAhz ChMk0b\"><span class=\"ryNqvb\">Nous veillons \u00e0 ce que les acheteurs aient \u00e9galement en leur possession les documents n\u00e9cessaires pour pouvoir signer chez le notaire<\/span><\/span> <br \/><span class=\"jCAhz ChMk0b\"><span class=\"ryNqvb\">et qu&rsquo;ils ont \u00e9t\u00e9 inform\u00e9s \u00e0 temps et avec exactitude du solde restant \u00e0 vous verser avec la signature de l\u2019acte notari\u00e9.<\/span><\/span><\/p><p>Le jour pr\u00e9vu, nous vous accompagnons chez le notaire, pour la signature de l\u00b4acte, qui sera \u00e9galement traduit pour vous.<\/p><p>Apr\u00e8s la signature o\u00f9 le solde du prix de vente convenu sera vers\u00e9, <br \/>nous nous assurons \u00e9galement que toutes les d\u00e9marches obligatoires li\u00e9es \u00e0 la vente soient remplies.\u00a0<\/p><p>Nous vous aidons, entre autres, dans plusieurs t\u00e2ches administratives vous incombant en tant que vendeur comme par exemple: <br \/>annuler votre assurance, effectuer certains paiements, remplir les documents li\u00e9s \u00e0 la vente <br \/>et aussi \u00e0 faire enregistrer au nom des nouveaux propri\u00e9taires les contrats de fourniture d\u2019eau, d&rsquo;\u00e9lectricit\u00e9, les charges communautaires, l\u2019IBI (imp\u00f4ts sur les biens immeubles), la redevance Basura (immondices), etc.<\/p><p>Apr\u00e8s l\u2019officialisation de la vente, nous vous fournissons dans les d\u00e9lais impartis les documents n\u00e9cessaires pour que vous puissiez remplir votre d\u00e9claration d\u2019imp\u00f4ts sur les revenus relatifs \u00e0 la vente de votre bien immobilier. <br \/>Dans ce cadre nous vous donnerons \u00e9galement des explications pertinentes venant des experts comptables sp\u00e9cialis\u00e9s. <br \/>Afin d\u2019\u00e9viter les mauvaises surprises et des co\u00fbts non planifi\u00e9s, il est tr\u00e8s important d\u2019\u00eatre bien assist\u00e9 et conseill\u00e9<br \/>dans toutes ces d\u00e9marches administratives.<\/p><div><strong>Notre \u00e9quipe d\u2019experts \u00e0 votre service se fera un plaisir de vous trouver les bons acheteurs <br \/>et de vous guider de A \u00e0 Z tout au long du processus de vente de votre bien immobilier \u00e0 Tenerife. <\/strong><\/div><div>\u00a0<\/div><p>Vous souhaitez vendre votre propri\u00e9t\u00e9 \u00e0 Tenerife;\u00a0<a href=\"https:\/\/immosaratenerife.com\/fr\/contact\/\" rel=\"noopener\">contactez-nous<\/a>!<\/p><p>ImmoSaraTenerife<\/p>\t\t\t\t\t\t\t\t<\/div>\n\t\t\t\t<\/div>\n\t\t\t\t\t<\/div>\n\t\t<\/div>\n\t\t\t\t\t<\/div>\n\t\t<\/section>\n\t\t\t\t<section class=\"elementor-section elementor-top-section elementor-element elementor-element-5601f23 elementor-section-boxed elementor-section-height-default elementor-section-height-default\" data-id=\"5601f23\" data-element_type=\"section\" data-e-type=\"section\" data-settings=\"{&quot;background_background&quot;:&quot;classic&quot;}\">\n\t\t\t\t\t\t<div class=\"elementor-container elementor-column-gap-wider\">\n\t\t\t\t\t<div class=\"elementor-column elementor-col-33 elementor-top-column elementor-element elementor-element-6356bc9\" data-id=\"6356bc9\" data-element_type=\"column\" data-e-type=\"column\">\n\t\t\t<div class=\"elementor-widget-wrap elementor-element-populated\">\n\t\t\t\t\t\t<div class=\"elementor-element elementor-element-624d26a elementor-widget elementor-widget-image\" data-id=\"624d26a\" data-element_type=\"widget\" data-e-type=\"widget\" data-widget_type=\"image.default\">\n\t\t\t\t<div class=\"elementor-widget-container\">\n\t\t\t\t\t\t\t\t\t\t\t\t\t\t\t<img fetchpriority=\"high\" decoding=\"async\" data-attachment-id=\"2249\" data-permalink=\"https:\/\/immosaratenerife.com\/fr\/dad08dc6-1070-4fa1-819d-fbed5dbdce56-2-2\/\" data-orig-file=\"https:\/\/immosaratenerife.com\/wp-content\/uploads\/2021\/01\/dad08dc6-1070-4fa1-819d-fbed5dbdce56.jpg\" data-orig-size=\"232,276\" data-comments-opened=\"0\" data-image-meta=\"{&quot;aperture&quot;:&quot;0&quot;,&quot;credit&quot;:&quot;&quot;,&quot;camera&quot;:&quot;&quot;,&quot;caption&quot;:&quot;&quot;,&quot;created_timestamp&quot;:&quot;0&quot;,&quot;copyright&quot;:&quot;&quot;,&quot;focal_length&quot;:&quot;0&quot;,&quot;iso&quot;:&quot;0&quot;,&quot;shutter_speed&quot;:&quot;0&quot;,&quot;title&quot;:&quot;&quot;,&quot;orientation&quot;:&quot;0&quot;}\" data-image-title=\"dad08dc6-1070-4fa1-819d-fbed5dbdce56\" data-image-description=\"\" data-image-caption=\"\" data-medium-file=\"https:\/\/immosaratenerife.com\/wp-content\/uploads\/2021\/01\/dad08dc6-1070-4fa1-819d-fbed5dbdce56.jpg\" data-large-file=\"https:\/\/immosaratenerife.com\/wp-content\/uploads\/2021\/01\/dad08dc6-1070-4fa1-819d-fbed5dbdce56.jpg\" width=\"232\" height=\"276\" src=\"https:\/\/immosaratenerife.com\/wp-content\/uploads\/2021\/01\/dad08dc6-1070-4fa1-819d-fbed5dbdce56.jpg\" class=\"attachment-large size-large wp-image-2249\" alt=\"\" data-attachment-id=\"2249\" data-permalink=\"https:\/\/immosaratenerife.com\/fr\/dad08dc6-1070-4fa1-819d-fbed5dbdce56-2-2\/\" data-orig-file=\"https:\/\/immosaratenerife.com\/wp-content\/uploads\/2021\/01\/dad08dc6-1070-4fa1-819d-fbed5dbdce56.jpg\" data-orig-size=\"232,276\" data-comments-opened=\"0\" data-image-meta=\"{&quot;aperture&quot;:&quot;0&quot;,&quot;credit&quot;:&quot;&quot;,&quot;camera&quot;:&quot;&quot;,&quot;caption&quot;:&quot;&quot;,&quot;created_timestamp&quot;:&quot;0&quot;,&quot;copyright&quot;:&quot;&quot;,&quot;focal_length&quot;:&quot;0&quot;,&quot;iso&quot;:&quot;0&quot;,&quot;shutter_speed&quot;:&quot;0&quot;,&quot;title&quot;:&quot;&quot;,&quot;orientation&quot;:&quot;0&quot;}\" data-image-title=\"dad08dc6-1070-4fa1-819d-fbed5dbdce56\" data-image-description=\"\" data-image-caption=\"\" data-medium-file=\"https:\/\/immosaratenerife.com\/wp-content\/uploads\/2021\/01\/dad08dc6-1070-4fa1-819d-fbed5dbdce56.jpg\" data-large-file=\"https:\/\/immosaratenerife.com\/wp-content\/uploads\/2021\/01\/dad08dc6-1070-4fa1-819d-fbed5dbdce56.jpg\" \/>\t\t\t\t\t\t\t\t\t\t\t\t\t\t\t<\/div>\n\t\t\t\t<\/div>\n\t\t\t\t\t<\/div>\n\t\t<\/div>\n\t\t\t\t<div class=\"elementor-column elementor-col-33 elementor-top-column elementor-element elementor-element-12df5c6\" data-id=\"12df5c6\" data-element_type=\"column\" data-e-type=\"column\">\n\t\t\t<div class=\"elementor-widget-wrap elementor-element-populated\">\n\t\t\t\t\t\t<div class=\"elementor-element elementor-element-c5ab2e4 elementor-widget elementor-widget-heading\" data-id=\"c5ab2e4\" data-element_type=\"widget\" data-e-type=\"widget\" data-widget_type=\"heading.default\">\n\t\t\t\t<div class=\"elementor-widget-container\">\n\t\t\t\t\t<h4 class=\"elementor-heading-title elementor-size-default\">Immo Sara Tenerife<\/h4>\t\t\t\t<\/div>\n\t\t\t\t<\/div>\n\t\t\t\t<div class=\"elementor-element elementor-element-ab2d70f elementor-widget elementor-widget-heading\" data-id=\"ab2d70f\" data-element_type=\"widget\" data-e-type=\"widget\" data-widget_type=\"heading.default\">\n\t\t\t\t<div class=\"elementor-widget-container\">\n\t\t\t\t\t<h4 class=\"elementor-heading-title elementor-size-default\"><i aria-hidden=\"true\" style=\"color:#01A5B2;padding-right: 12px;margin-top:10px\"><\/i>\n\t<i aria-hidden=\"true\" class=\"far fa-envelope\" style=\"margin-right:5px\"><\/i>\n\t<a href=\"mailto:sara@immosaratenerife.com\" target=\"_blank\" rel=\"noreferrer noopener\">sara@immosaratenerife.com<\/a>\n<br>\n<i aria-hidden=\"true\" style=\"color:#01A5B2;padding-right: 18px\"><\/i><i aria-hidden=\"true\" class=\"fas fa-mobile-alt\" style=\"margin-right:5px\"><\/i>  Tel.: +34 650 443 063<br>\n<i aria-hidden=\"true\" style=\"color:#01A5B2;padding-right: 17px;margin-top:10px\"><\/i>  <i aria-hidden=\"true\" class=\"fas fa-phone-volume\" style=\"margin-right:5px\"><\/i> Tel.: +34 822 703 378<br><div><i aria-hidden=\"true\" style=\"color:#01A5B2;padding-right: 14px\"><\/i> <i aria-hidden=\"true\" class=\"far fa-clock\" style=\"margin-right:10px\"><\/i>Lundi - Vendredi: 9:00 - 18:00<\/div><span data-elementor-setting-key=\"title\" data-pen-placeholder=\"Type Here...\" style=\"border: medium;line-height: 1;letter-spacing: -0.041563em\"><b>Sur rendez-vous <\/b><\/span>\n<\/h4>\t\t\t\t<\/div>\n\t\t\t\t<\/div>\n\t\t\t\t<section class=\"elementor-section elementor-inner-section elementor-element elementor-element-75f55a3 elementor-section-boxed elementor-section-height-default elementor-section-height-default\" data-id=\"75f55a3\" data-element_type=\"section\" data-e-type=\"section\">\n\t\t\t\t\t\t<div class=\"elementor-container elementor-column-gap-default\">\n\t\t\t\t\t<div class=\"elementor-column elementor-col-100 elementor-inner-column elementor-element elementor-element-1e42db8\" data-id=\"1e42db8\" data-element_type=\"column\" data-e-type=\"column\">\n\t\t\t<div class=\"elementor-widget-wrap elementor-element-populated\">\n\t\t\t\t\t\t<div class=\"elementor-element elementor-element-78c3582 elementor-widget__width-auto elementor-view-default elementor-widget elementor-widget-icon\" data-id=\"78c3582\" data-element_type=\"widget\" data-e-type=\"widget\" data-widget_type=\"icon.default\">\n\t\t\t\t<div class=\"elementor-widget-container\">\n\t\t\t\t\t\t\t<div class=\"elementor-icon-wrapper\">\n\t\t\t<a class=\"elementor-icon\" href=\"https:\/\/facebook.com\/immosaratenerife\" target=\"_blank\">\n\t\t\t<i aria-hidden=\"true\" class=\"fab fa-facebook-f\"><\/i>\t\t\t<\/a>\n\t\t<\/div>\n\t\t\t\t\t\t<\/div>\n\t\t\t\t<\/div>\n\t\t\t\t<div class=\"elementor-element elementor-element-875bd7c elementor-widget__width-auto elementor-view-default elementor-widget elementor-widget-icon\" data-id=\"875bd7c\" data-element_type=\"widget\" data-e-type=\"widget\" data-widget_type=\"icon.default\">\n\t\t\t\t<div class=\"elementor-widget-container\">\n\t\t\t\t\t\t\t<div class=\"elementor-icon-wrapper\">\n\t\t\t<a class=\"elementor-icon\" href=\"https:\/\/twitter.com\/immosaratfe\" target=\"_blank\">\n\t\t\t<i aria-hidden=\"true\" class=\"fab fa-twitter\"><\/i>\t\t\t<\/a>\n\t\t<\/div>\n\t\t\t\t\t\t<\/div>\n\t\t\t\t<\/div>\n\t\t\t\t<div class=\"elementor-element elementor-element-225ec3b elementor-widget__width-auto elementor-view-default elementor-widget elementor-widget-icon\" data-id=\"225ec3b\" data-element_type=\"widget\" data-e-type=\"widget\" data-widget_type=\"icon.default\">\n\t\t\t\t<div class=\"elementor-widget-container\">\n\t\t\t\t\t\t\t<div class=\"elementor-icon-wrapper\">\n\t\t\t<a class=\"elementor-icon\" href=\"https:\/\/www.instagram.com\/immosaratenerife\" target=\"_blank\">\n\t\t\t<i aria-hidden=\"true\" class=\"fab fa-instagram\"><\/i>\t\t\t<\/a>\n\t\t<\/div>\n\t\t\t\t\t\t<\/div>\n\t\t\t\t<\/div>\n\t\t\t\t<div class=\"elementor-element elementor-element-e2c8368 elementor-widget__width-auto elementor-view-default elementor-widget elementor-widget-icon\" data-id=\"e2c8368\" data-element_type=\"widget\" data-e-type=\"widget\" data-widget_type=\"icon.default\">\n\t\t\t\t<div class=\"elementor-widget-container\">\n\t\t\t\t\t\t\t<div class=\"elementor-icon-wrapper\">\n\t\t\t<a class=\"elementor-icon\" href=\"https:\/\/www.linkedin.com\/company\/immo-sara-tenerife\/\" target=\"_blank\">\n\t\t\t<i aria-hidden=\"true\" class=\"fab fa-linkedin-in\"><\/i>\t\t\t<\/a>\n\t\t<\/div>\n\t\t\t\t\t\t<\/div>\n\t\t\t\t<\/div>\n\t\t\t\t<div class=\"elementor-element elementor-element-112981a elementor-widget__width-auto elementor-view-default elementor-widget elementor-widget-icon\" data-id=\"112981a\" data-element_type=\"widget\" data-e-type=\"widget\" data-widget_type=\"icon.default\">\n\t\t\t\t<div class=\"elementor-widget-container\">\n\t\t\t\t\t\t\t<div class=\"elementor-icon-wrapper\">\n\t\t\t<a class=\"elementor-icon\" href=\"https:\/\/www.youtube.com\/channel\/UC9SXbYiqr1FtcmCogsuy9ZQ?sub_confirmation=1\" target=\"_blank\">\n\t\t\t<i aria-hidden=\"true\" class=\"fab fa-youtube\"><\/i>\t\t\t<\/a>\n\t\t<\/div>\n\t\t\t\t\t\t<\/div>\n\t\t\t\t<\/div>\n\t\t\t\t<div class=\"elementor-element elementor-element-c0492c6 elementor-widget__width-auto elementor-view-default elementor-widget elementor-widget-icon\" data-id=\"c0492c6\" data-element_type=\"widget\" data-e-type=\"widget\" data-widget_type=\"icon.default\">\n\t\t\t\t<div class=\"elementor-widget-container\">\n\t\t\t\t\t\t\t<div class=\"elementor-icon-wrapper\">\n\t\t\t<a class=\"elementor-icon\" href=\"https:\/\/www.google.com\/maps\/dir\/\/ImmoSaraTenerife,+Av.+Lucio+Diaz+Flores+Feo,+22,+1%C2%AA+pl,+oficina+4,+38639+Las+Chafiras,+Santa+Cruz+de+Tenerife,+Spain\/@28.0549534,-16.6230934,17z\/data=!4m18!1m8!3m7!1s0xc6a9f8421544e45:0x6be85d0e06ba7ffb!2sImmoSaraTenerife!8m2!3d28.0551606!4d-16.6196691!15sCkFBdmVuaWRhIEx1Y2lvIERpYXogRmxvcmVzIEZlbywgMjIgMzg2MzkgQ2hhZmlyYXMsIFMvQyBkZSBUZW5lcmlmZVpBIj9hdmVuaWRhIGx1Y2lvIGRpYXogZmxvcmVzIGZlbyAyMiAzODYzOSBjaGFmaXJhcyBzIGMgZGUgdGVuZXJpZmWSARJyZWFsX2VzdGF0ZV9hZ2VuY3maASRDaGREU1VoTk1HOW5TMFZKUTBGblNVUlNlRFZVZVRsUlJSQULgAQA!16s%2Fg%2F11st95l0l0!4m8!1m0!1m5!1m1!1s0xc6a9f8421544e45:0x6be85d0e06ba7ffb!2m2!1d-16.6196691!2d28.0551606!3e2\" target=\"_blank\">\n\t\t\t<i aria-hidden=\"true\" class=\"fas fa-map-marker-alt\"><\/i>\t\t\t<\/a>\n\t\t<\/div>\n\t\t\t\t\t\t<\/div>\n\t\t\t\t<\/div>\n\t\t\t\t\t<\/div>\n\t\t<\/div>\n\t\t\t\t\t<\/div>\n\t\t<\/section>\n\t\t\t\t<section class=\"elementor-section elementor-inner-section elementor-element elementor-element-131ec78 elementor-section-boxed elementor-section-height-default elementor-section-height-default\" data-id=\"131ec78\" data-element_type=\"section\" data-e-type=\"section\">\n\t\t\t\t\t\t<div class=\"elementor-container elementor-column-gap-default\">\n\t\t\t\t\t<div class=\"elementor-column elementor-col-100 elementor-inner-column elementor-element elementor-element-27faa9e\" data-id=\"27faa9e\" data-element_type=\"column\" data-e-type=\"column\">\n\t\t\t<div class=\"elementor-widget-wrap elementor-element-populated\">\n\t\t\t\t\t\t<div class=\"elementor-element elementor-element-dfb7cdd elementor-widget elementor-widget-image\" data-id=\"dfb7cdd\" data-element_type=\"widget\" data-e-type=\"widget\" data-widget_type=\"image.default\">\n\t\t\t\t<div class=\"elementor-widget-container\">\n\t\t\t\t\t\t\t\t\t\t\t\t\t\t\t<img decoding=\"async\" data-attachment-id=\"90859\" data-permalink=\"https:\/\/immosaratenerife.com\/fr\/lofo-web-raic-aei-2\/\" data-orig-file=\"https:\/\/immosaratenerife.com\/wp-content\/uploads\/2024\/08\/lofo-web-raic-aei.jpg\" data-orig-size=\"1449,297\" data-comments-opened=\"0\" data-image-meta=\"{&quot;aperture&quot;:&quot;0&quot;,&quot;credit&quot;:&quot;&quot;,&quot;camera&quot;:&quot;&quot;,&quot;caption&quot;:&quot;&quot;,&quot;created_timestamp&quot;:&quot;0&quot;,&quot;copyright&quot;:&quot;&quot;,&quot;focal_length&quot;:&quot;0&quot;,&quot;iso&quot;:&quot;0&quot;,&quot;shutter_speed&quot;:&quot;0&quot;,&quot;title&quot;:&quot;&quot;,&quot;orientation&quot;:&quot;1&quot;}\" data-image-title=\"lofo web raic aei\" data-image-description=\"&lt;p&gt;Asociaci\u00f3n Profesional de Expertos Inmobiliarios y Registro de Agentes Inmobiliarios en Canarias&lt;\/p&gt;\n\" data-image-caption=\"&lt;p&gt;Asociaci\u00f3n Profesional de Expertos Inmobiliarios y Registro de Agentes Inmobiliarios en Canarias&lt;\/p&gt;\n\" data-medium-file=\"https:\/\/immosaratenerife.com\/wp-content\/uploads\/2024\/08\/lofo-web-raic-aei-300x61.jpg\" data-large-file=\"https:\/\/immosaratenerife.com\/wp-content\/uploads\/2024\/08\/lofo-web-raic-aei-1024x210.jpg\" width=\"1449\" height=\"297\" src=\"https:\/\/immosaratenerife.com\/wp-content\/uploads\/2024\/08\/lofo-web-raic-aei.jpg\" class=\"attachment-full size-full wp-image-90859\" alt=\"Asociaci\u00f3n Profesional de Expertos Inmobiliarios y Registro de Agentes Inmobiliarios en Canarias\" srcset=\"https:\/\/immosaratenerife.com\/wp-content\/uploads\/2024\/08\/lofo-web-raic-aei.jpg 1449w, https:\/\/immosaratenerife.com\/wp-content\/uploads\/2024\/08\/lofo-web-raic-aei-300x61.jpg 300w, https:\/\/immosaratenerife.com\/wp-content\/uploads\/2024\/08\/lofo-web-raic-aei-1024x210.jpg 1024w, https:\/\/immosaratenerife.com\/wp-content\/uploads\/2024\/08\/lofo-web-raic-aei-768x157.jpg 768w, https:\/\/immosaratenerife.com\/wp-content\/uploads\/2024\/08\/lofo-web-raic-aei-1200x246.jpg 1200w\" sizes=\"(max-width: 1449px) 100vw, 1449px\" data-attachment-id=\"90859\" data-permalink=\"https:\/\/immosaratenerife.com\/fr\/lofo-web-raic-aei-2\/\" data-orig-file=\"https:\/\/immosaratenerife.com\/wp-content\/uploads\/2024\/08\/lofo-web-raic-aei.jpg\" data-orig-size=\"1449,297\" data-comments-opened=\"0\" data-image-meta=\"{&quot;aperture&quot;:&quot;0&quot;,&quot;credit&quot;:&quot;&quot;,&quot;camera&quot;:&quot;&quot;,&quot;caption&quot;:&quot;&quot;,&quot;created_timestamp&quot;:&quot;0&quot;,&quot;copyright&quot;:&quot;&quot;,&quot;focal_length&quot;:&quot;0&quot;,&quot;iso&quot;:&quot;0&quot;,&quot;shutter_speed&quot;:&quot;0&quot;,&quot;title&quot;:&quot;&quot;,&quot;orientation&quot;:&quot;1&quot;}\" data-image-title=\"lofo web raic aei\" data-image-description=\"&lt;p&gt;Asociaci\u00f3n Profesional de Expertos Inmobiliarios y Registro de Agentes Inmobiliarios en Canarias&lt;\/p&gt;\n\" data-image-caption=\"&lt;p&gt;Asociaci\u00f3n Profesional de Expertos Inmobiliarios y Registro de Agentes Inmobiliarios en Canarias&lt;\/p&gt;\n\" data-medium-file=\"https:\/\/immosaratenerife.com\/wp-content\/uploads\/2024\/08\/lofo-web-raic-aei-300x61.jpg\" data-large-file=\"https:\/\/immosaratenerife.com\/wp-content\/uploads\/2024\/08\/lofo-web-raic-aei-1024x210.jpg\" \/>\t\t\t\t\t\t\t\t\t\t\t\t\t\t\t<\/div>\n\t\t\t\t<\/div>\n\t\t\t\t\t<\/div>\n\t\t<\/div>\n\t\t\t\t\t<\/div>\n\t\t<\/section>\n\t\t\t\t<div class=\"elementor-element elementor-element-d36b785 elementor-view-default elementor-widget elementor-widget-icon\" data-id=\"d36b785\" data-element_type=\"widget\" data-e-type=\"widget\" data-widget_type=\"icon.default\">\n\t\t\t\t<div class=\"elementor-widget-container\">\n\t\t\t\t\t\t\t<div class=\"elementor-icon-wrapper\">\n\t\t\t<div class=\"elementor-icon\">\n\t\t\t<i aria-hidden=\"true\" class=\"far fa-envelope\"><\/i>\t\t\t<\/div>\n\t\t<\/div>\n\t\t\t\t\t\t<\/div>\n\t\t\t\t<\/div>\n\t\t\t\t\t<\/div>\n\t\t<\/div>\n\t\t\t\t<div class=\"elementor-column elementor-col-33 elementor-top-column elementor-element elementor-element-607907b\" data-id=\"607907b\" data-element_type=\"column\" data-e-type=\"column\">\n\t\t\t<div class=\"elementor-widget-wrap elementor-element-populated\">\n\t\t\t\t\t\t<div class=\"elementor-element elementor-element-1faa740 elementor-widget elementor-widget-heading\" data-id=\"1faa740\" data-element_type=\"widget\" data-e-type=\"widget\" data-widget_type=\"heading.default\">\n\t\t\t\t<div class=\"elementor-widget-container\">\n\t\t\t\t\t<h2 class=\"elementor-heading-title elementor-size-large\">Inscrivez-vous \u00e0 notre newsletter<\/h2>\t\t\t\t<\/div>\n\t\t\t\t<\/div>\n\t\t\t\t<div class=\"elementor-element elementor-element-276b70b elementor-widget elementor-widget-shortcode\" data-id=\"276b70b\" data-element_type=\"widget\" data-e-type=\"widget\" data-widget_type=\"shortcode.default\">\n\t\t\t\t<div class=\"elementor-widget-container\">\n\t\t\t\t\t\t\t<div class=\"elementor-shortcode\"><center><script>(function() {\n\twindow.mc4wp = window.mc4wp || {\n\t\tlisteners: [],\n\t\tforms: {\n\t\t\ton: function(evt, cb) {\n\t\t\t\twindow.mc4wp.listeners.push(\n\t\t\t\t\t{\n\t\t\t\t\t\tevent   : evt,\n\t\t\t\t\t\tcallback: cb\n\t\t\t\t\t}\n\t\t\t\t);\n\t\t\t}\n\t\t}\n\t}\n})();\n<\/script><!-- Mailchimp for WordPress v4.11.1 - https:\/\/wordpress.org\/plugins\/mailchimp-for-wp\/ --><form id=\"mc4wp-form-1\" class=\"mc4wp-form mc4wp-form-9211 mc4wp-form-basic\" method=\"post\" data-id=\"9211\" data-name=\"immosara\" ><div class=\"mc4wp-form-fields\"><input type=\"email\" name=\"EMAIL\" placeholder=\"Votre adresse e-mail\" required=\"\" class=\"mc-input\"> <input type=\"submit\" value=\"S'inscrire\" class=\"mc-btn\">\n<\/div><label style=\"display: none !important;\">Laissez ce champ vide si vous \u00eates humain\u00a0: <input type=\"text\" name=\"_mc4wp_honeypot\" value=\"\" tabindex=\"-1\" autocomplete=\"off\" \/><\/label><input type=\"hidden\" name=\"_mc4wp_timestamp\" value=\"1772788757\" \/><input type=\"hidden\" name=\"_mc4wp_form_id\" value=\"9211\" \/><input type=\"hidden\" name=\"_mc4wp_form_element_id\" value=\"mc4wp-form-1\" \/><div class=\"mc4wp-response\"><\/div><\/form><!-- \/ Mailchimp for WordPress Plugin --><\/center><\/div>\n\t\t\t\t\t\t<\/div>\n\t\t\t\t<\/div>\n\t\t\t\t\t<\/div>\n\t\t<\/div>\n\t\t\t\t\t<\/div>\n\t\t<\/section>\n\t\t\t\t<\/div>\n\t\t","protected":false},"excerpt":{"rendered":"<p>Vous souhaitez vendre votre propri\u00e9t\u00e9 \u00e0 Tenerife; contactez-nous! Comment notre \u00e9quipe vous assiste lorsque vous \u00eates vendeur? Dans un premier temps nous fixons un rendez-vous avec vous afin de visiter et d\u2019expertiser votre propri\u00e9t\u00e9.\u00a0 Dans la foul\u00e9e et en toute transparence, nous vous prodiguons des conseils personnalis\u00e9s, sinc\u00e8res et les plus complets possible en relation [&hellip;]<\/p>\n","protected":false},"author":47309588,"featured_media":0,"parent":0,"menu_order":0,"comment_status":"closed","ping_status":"closed","template":"elementor_header_footer","meta":{"_acf_changed":false,"advanced_seo_description":"","jetpack_seo_html_title":"","jetpack_seo_noindex":false,"jetpack_post_was_ever_published":false,"footnotes":""},"class_list":["post-6007","page","type-page","status-publish","hentry"],"acf":[],"jetpack_likes_enabled":true,"jetpack_sharing_enabled":true,"jetpack_shortlink":"https:\/\/wp.me\/PczWLs-1yT","_links":{"self":[{"href":"https:\/\/immosaratenerife.com\/fr\/wp-json\/wp\/v2\/pages\/6007","targetHints":{"allow":["GET"]}}],"collection":[{"href":"https:\/\/immosaratenerife.com\/fr\/wp-json\/wp\/v2\/pages"}],"about":[{"href":"https:\/\/immosaratenerife.com\/fr\/wp-json\/wp\/v2\/types\/page"}],"author":[{"embeddable":true,"href":"https:\/\/immosaratenerife.com\/fr\/wp-json\/wp\/v2\/users\/47309588"}],"replies":[{"embeddable":true,"href":"https:\/\/immosaratenerife.com\/fr\/wp-json\/wp\/v2\/comments?post=6007"}],"version-history":[{"count":100,"href":"https:\/\/immosaratenerife.com\/fr\/wp-json\/wp\/v2\/pages\/6007\/revisions"}],"predecessor-version":[{"id":90941,"href":"https:\/\/immosaratenerife.com\/fr\/wp-json\/wp\/v2\/pages\/6007\/revisions\/90941"}],"wp:attachment":[{"href":"https:\/\/immosaratenerife.com\/fr\/wp-json\/wp\/v2\/media?parent=6007"}],"curies":[{"name":"wp","href":"https:\/\/api.w.org\/{rel}","templated":true}]}}